{"id":400,"date":"2016-10-05T20:04:04","date_gmt":"2016-10-05T19:04:04","guid":{"rendered":"https:\/\/laurentpierquin.com\/?page_id=400"},"modified":"2021-06-02T17:21:13","modified_gmt":"2021-06-02T16:21:13","slug":"madamebaleinelejeu","status":"publish","type":"page","link":"https:\/\/laurentpierquin.com\/index.php\/madamebaleinelejeu\/","title":{"rendered":"Madame Baleine LE JEU"},"content":{"rendered":"<h1 style=\"text-align: center;\">Madame BALEINE : LE JEU<\/h1>\n<p style=\"text-align: center;\">Bonjour \u00a0!!<\/p>\n<p style=\"text-align: center;\">Vous avez \u00e9t\u00e9 tellement bon la derni\u00e8re fois que je me suis dis que je pouvais vous confier cette nouvelle mission ! Mais c&rsquo;est quoi la nouvelle mission ????<\/p>\n<p style=\"text-align: center;\">Je veux <strong>faire un clip Video<\/strong> pour la chanson \u00ab\u00a0<strong>MADAME BALEINE<\/strong>\u00a0\u00bb\u00a0de l&rsquo;album un\u00a0arc en ciel dans la t\u00eate.<\/p>\n<p style=\"text-align: center;\"><strong>Vos dessins serviront \u00e0\u00a0 illustrer la chanson pour cr\u00e9er un CLIP !!<\/strong><\/p>\n<p style=\"text-align: center;\">Et vous pourrez le regarder\u00a0sur\u00a0YouTube et le montrer \u00e0 vos copains, copines !<\/p>\n<p style=\"text-align: center;\">Bien-s\u00fbr si votre dessin est s\u00e9lectionn\u00e9,<\/p>\n<p style=\"text-align: center;\"><strong>votre pr\u00e9nom et votre nom sera inscrit au g\u00e9n\u00e9rique du film<\/strong>.<\/p>\n<p style=\"text-align: center;\">Ca vous dis ?<\/p>\n<p style=\"text-align: center;\"><iframe loading=\"lazy\" src=\"http:\/\/www.deezer.com\/plugins\/player?format=classic&amp;autoplay=false&amp;playlist=true&amp;width=500&amp;height=350&amp;color=007FEB&amp;layout=dark&amp;size=medium&amp;type=tracks&amp;id=5121149&amp;app_id=1\" width=\"700\" height=\"240\" frameborder=\"0\" scrolling=\"no\"><\/iframe><\/p>\n<p style=\"text-align: center;\">Alors voil\u00e0\u00a0 comment nous allons faire&#8230;<\/p>\n<p style=\"text-align: center;\">Vous allez <strong>choisir une phrase de la chanson.<\/strong><\/p>\n<p style=\"text-align: center;\">Puis vous allez dessiner sur cette phrase.<\/p>\n<p style=\"text-align: center;\">Pour les plus jeunes, demandez \u00e0 vos parents de vous accompagner.<\/p>\n<p style=\"text-align: center;\">Comme la chanson raconte une histoire , je pr\u00e9f\u00e8re que vous dessiniez sur une partie de la chanson et que la somme de vos dessins\u00a0accompagne toute la chanson.<\/p>\n<p style=\"text-align: center;\">Alors j&rsquo;ai fait une sorte de d\u00e9coupage. \u00c7a donne \u00e7a.<\/p>\n<p style=\"text-align: center;\"><a href=\"http:\/\/bit.ly\/madamebaleine\">http:\/\/bit.ly\/madamebaleine<\/a><\/p>\n<p style=\"text-align: center;\">Choisissez votre phrase et surtout amusez vous bien. Puis envoyez moi\u00a0le ou les dessins par mail \u00e0<\/p>\n<p style=\"text-align: center;\"><a href=\"mailto:laurent.pierquin@free.fr?subject=Concours%20de%20dessins%20d'enfants\">laurent.pierquin@free.fr<\/a><\/p>\n<h2 style=\"text-align: center;\">Avec <strong>Madame Baleine \u00a0LE JEU<\/strong>,<\/h2>\n<p style=\"text-align: center;\">\u00a0tous les dessins seront affich\u00e9s sur le site ainsi que sur la page Facebook.<\/p>\n<p style=\"text-align: center;\">Ensuite, je ferai le clip et lorsqu&rsquo;il sera pr\u00eat,<\/p>\n<p style=\"text-align: center;\">vous serez les premiers invit\u00e9s \u00e0 aller le regarder sur Youtube.<\/p>\n<p style=\"text-align: center;\">J&rsquo;ai re\u00e7u une vingtaines de dessins d\u00e9j\u00e0 et je crois que le clip sera plus joli avec encore plus de dessins donc je poursuis le jeu encore quelques semaines. <strong>Lorsque \u00a0j&rsquo;aurai re\u00e7u suffisamment de dessins, je commencerai \u00e0 construire le clip et je vous pr\u00e9viendrai de stopper les envois.<\/strong><\/p>\n<p style=\"text-align: center;\">Attention<\/p>\n<p style=\"text-align: center;\">Plus vous partagez <strong>Madame Baleine LE JEU<\/strong>\u00a0autour de vous, plus vos copains copines participent et plus le clip sera beau.<\/p>\n<p style=\"text-align: center;\">Alors parlez en autour de vous, \u00e0 la recr\u00e9e, au foot, \u00e0 la danse, partout o\u00f9 vous allez pour qu&rsquo;ils dessinent aussi.<\/p>\n<p style=\"text-align: center;\">A vos feuilles &#8230; \u00e0 vos crayons&#8230;<\/p>\n<p style=\"text-align: center;\">J&rsquo;ai h\u00e2te de d\u00e9couvrir vos cr\u00e9ations !<\/p>\n<p><a href=\"https:\/\/youtu.be\/NACsrBAHeFM\"><img loading=\"lazy\" decoding=\"async\" class=\" wp-image-401 aligncenter\" src=\"https:\/\/laurentpierquin.com\/wp-content\/uploads\/2016\/10\/Capture-d\u2019\u00e9cran-2016-10-05-\u00e0-14.03.37-300x165.png\" alt=\"Madame Baleine LE JEU\" width=\"401\" height=\"220\" srcset=\"https:\/\/laurentpierquin.com\/wp-content\/uploads\/2016\/10\/Capture-d\u2019\u00e9cran-2016-10-05-\u00e0-14.03.37-300x165.png 300w, https:\/\/laurentpierquin.com\/wp-content\/uploads\/2016\/10\/Capture-d\u2019\u00e9cran-2016-10-05-\u00e0-14.03.37-450x248.png 450w, https:\/\/laurentpierquin.com\/wp-content\/uploads\/2016\/10\/Capture-d\u2019\u00e9cran-2016-10-05-\u00e0-14.03.37.png 479w\" sizes=\"auto, (max-width: 401px) 100vw, 401px\" \/><\/a><\/p>\n<p>Si vous souhaitez rester inform\u00e9s de l&rsquo;avanc\u00e9e du jeu, merci de vous inscrire sur <a href=\"http:\/\/facebook.com\/laurentpierquinartiste\">la page FB<\/a> ou en me donnant <a href=\"mailto:laurent.pierquin@free.fr\">Votre adresse mail<\/a><\/p>\n<p>&nbsp;<\/p>\n<p style=\"text-align: justify;\">Je vous annonce aussi l&rsquo;existence de <a href=\"https:\/\/www.tipeee.com\/laurentpierquin\/\">ma page Tipeee<\/a> pour ceux qui souhaitent soutenir mes projets musicaux.<\/p>\n<p>&nbsp;<\/p>\n","protected":false},"excerpt":{"rendered":"<p>Madame BALEINE : LE JEU Bonjour \u00a0!! Vous avez \u00e9t\u00e9 tellement bon la derni\u00e8re fois que je me suis dis que je pouvais vous confier cette nouvelle mission ! Mais<a href=\"https:\/\/laurentpierquin.com\/index.php\/madamebaleinelejeu\/\">&#8230; En savoir plus.<\/a><\/p>\n","protected":false},"author":1,"featured_media":0,"parent":0,"menu_order":0,"comment_status":"closed","ping_status":"closed","template":"page-fullwidth.php","meta":{"footnotes":""},"class_list":["post-400","page","type-page","status-publish","hentry"],"_links":{"self":[{"href":"https:\/\/laurentpierquin.com\/index.php\/wp-json\/wp\/v2\/pages\/400","targetHints":{"allow":["GET"]}}],"collection":[{"href":"https:\/\/laurentpierquin.com\/index.php\/wp-json\/wp\/v2\/pages"}],"about":[{"href":"https:\/\/laurentpierquin.com\/index.php\/wp-json\/wp\/v2\/types\/page"}],"author":[{"embeddable":true,"href":"https:\/\/laurentpierquin.com\/index.php\/wp-json\/wp\/v2\/users\/1"}],"replies":[{"embeddable":true,"href":"https:\/\/laurentpierquin.com\/index.php\/wp-json\/wp\/v2\/comments?post=400"}],"version-history":[{"count":24,"href":"https:\/\/laurentpierquin.com\/index.php\/wp-json\/wp\/v2\/pages\/400\/revisions"}],"predecessor-version":[{"id":430,"href":"https:\/\/laurentpierquin.com\/index.php\/wp-json\/wp\/v2\/pages\/400\/revisions\/430"}],"wp:attachment":[{"href":"https:\/\/laurentpierquin.com\/index.php\/wp-json\/wp\/v2\/media?parent=400"}],"curies":[{"name":"wp","href":"https:\/\/api.w.org\/{rel}","templated":true}]}}